{"id":3,"date":"2019-08-21T22:37:05","date_gmt":"2019-08-22T04:37:05","guid":{"rendered":"http:\/\/apoderma.com\/inicio\/?page_id=3"},"modified":"2020-11-06T20:12:20","modified_gmt":"2020-11-07T02:12:20","slug":"politica-privacidad","status":"publish","type":"page","link":"https:\/\/apoderma.com\/inicio\/politica-privacidad\/","title":{"rendered":"Pol\u00edtica de privacidad"},"content":{"rendered":"<div class=\"wpb-content-wrapper\"><p>[vc_row][vc_column][vc_column_text]<\/p>\n<p>[\/vc_column_text][vc_column_text]<\/p>\n<p lang=\"es-CR\"><b>Pol\u00edtica de Privacidad<\/b><\/p>\n<p lang=\"es-CR\" align=\"justify\"><b>ApoDerma<\/b> se hace responsable por la privacidad de la informaci\u00f3n veraz entregada por el Usuario, no revelar\u00e1, ni compartir\u00e1 esta informaci\u00f3n sin el consentimiento del usuario, excepto cuando lo requiera la ley o a solicitud del gobierno; a su vez, deslinda toda responsabilidad por la informaci\u00f3n aportada a \u201csitios amigos\u201d, que el usuario pudiera acceder por medio de links.<\/p>\n<p lang=\"es-CR\" align=\"justify\"><b>ApoDerma<\/b> utilizar\u00e1 su informaci\u00f3n personal, nombre, direcci\u00f3n, correo electr\u00f3nico, solo para fines de marketing, de Servicios, para determinar datos demogr\u00e1ficos de sus usuarios, obtener informaci\u00f3n estad\u00edstica y de mercado, pero sin revelar esta informaci\u00f3n, que <b>ApoDerma<\/b> considera confidencial, a terceros.<\/p>\n<p lang=\"es-CR\" align=\"justify\"><b>ApoDerma<\/b> podr\u00e1 enviar correos electr\u00f3nicos a los Usuarios destinados a confirmar su inscripci\u00f3n, informarle el estado de su cuenta, o informarle sobre las modificaciones o actualizaciones o promociones realizadas en el sitio.<\/p>\n<p lang=\"es-CR\" align=\"justify\">Si el Usuario deseara ser excluido de esta lista, podr\u00e1 hacerlo desinscribi\u00e9ndose directamente en el sitio o envi\u00e1ndonos un correo solicit\u00e1ndolo.<\/p>\n<p lang=\"es-CR\"><b>ApoDerma<\/b> , no tiene acceso de ning\u00fan tipo ni intentar\u00e1 tenerlo, a los datos personales de los usuarios. Salvo a aquellos datos que el mismo usuario suministre libremente y por propia voluntad.<\/p>\n<ol>\n<li lang=\"es-CR\">Cuando los clientes del servicio, suministren informaci\u00f3n personal a <b>ApoDerma<\/b> para poder utilizar cualquiera de sus servicios, esta informaci\u00f3n s\u00f3lo ser\u00e1 utilizada para optimizar nuestro sitio en funci\u00f3n de las necesidades de los usuarios, con el permanente objetivo de mejorar los servicios y productos que les ofrecemos.<\/li>\n<li lang=\"es-CR\">La informaci\u00f3n brindada libremente por el cliente puede ser utilizada para comunicarse con el equipo y\/ o ejecutivo de su cuenta de <b>ApoDerma<\/b> o por un tercero designado por la empresa.<\/li>\n<li lang=\"es-CR\"><b>ApoDerma<\/b> , se compromete a no utilizar los datos personales de los clientes para comercializarlos con terceros. Su pol\u00edtica restringe el uso de estos datos a brindar informaci\u00f3n gen\u00e9rica y global sobre los mismos, con el l\u00edmite expreso de confidencialidad que determina no divulgar de modo alguno ning\u00fan dato personal.<\/li>\n<li lang=\"es-CR\"><b>ApoDerma<\/b> , se compromete a adoptar una pol\u00edtica de confidencialidad y protecci\u00f3n de datos, a efecto de proteger la privacidad de la informaci\u00f3n personal obtenida a trav\u00e9s de \u00e9sta p\u00e1gina cibern\u00e9tica.<\/li>\n<li lang=\"es-CR\"><b>ApoDerma<\/b> , no se hace responsable por cualquier violaci\u00f3n a la confidencialidad que en el uso de datos personales pudieran incurrir los propios clientes o terceros ajenos a la empresa.<\/li>\n<li lang=\"es-CR\">Al registrarse en <b>ApoDerma .com<\/b>, el cliente proporciona informaci\u00f3n, al cual queda tecnol\u00f3gicamente protegida y su acceso queda restringido al propio usuario, mediante el uso de su palabra clave y s\u00f3lo en las situaciones que el propio usuario lo solicite, integrantes del \u00e1rea de la empresa designada a tal efecto, podr\u00e1n tambi\u00e9n acceder a la informaci\u00f3n para responder a la solicitud de servicio del cliente.<\/li>\n<li lang=\"es-CR\">El \u00fanico responsable de mantener la confidencialidad de la palabra clave es el propio usuario, quien tambi\u00e9n puede cambiarla cuantas veces lo desee.<\/li>\n<li lang=\"es-CR\">La utilizaci\u00f3n de los servicios de <b>ApoDerma<\/b> , significa que el usuario ha le\u00eddo, entendido y acordado el acuerdo de afiliaci\u00f3n, normas de transporte y los t\u00e9rminos antes expuestos en \u00e9ste documento y por lo tanto \u00e9ste documento constituye un acuerdo legal entre el usuario nuestro y <b>ApoDerma<\/b> . Si por alguna raz\u00f3n no estuviera de acuerdo con alguno de los t\u00e9rminos del presente documento, el usuario tiene la opci\u00f3n de no proporcionar informaci\u00f3n personal, o de no utilizar el servicio de <b>ApoDerma<\/b> .<\/li>\n<li lang=\"es-CR\"><b>ApoDerma<\/b>, se reserva el derecho de modificar \u00e9stas normas de su POLITICA DE PRIVACIDAD del sitio a fin de adaptarlas a los nuevos requerimientos en materia de legislaci\u00f3n, jurisprudencia, t\u00e9cnica o cualquier otro motivo que le permitan mejorar los servicios y contenidos que ofrece. Por este motivo, aconsejamos revisar peri\u00f3dicamente \u00e9stas normas.<\/li>\n<\/ol>\n<p lang=\"es-CR\" align=\"justify\">Ante cualquier duda sobre este acuerdo de confidencialidad, no dude en ponerse en contacto con <b>ApoDerma<\/b> . Escribi\u00e9ndonos a <a href=\"mailto:contacto@apoderma.com\"><b>contacto@apoderma.com<\/b><\/a>.<\/p>\n<p>[\/vc_column_text][\/vc_column][\/vc_row]<\/p>\n<\/div>","protected":false},"excerpt":{"rendered":"<p>[vc_row][vc_column][vc_column_text] [\/vc_column_text][vc_column_text] Pol\u00edtica de Privacidad ApoDerma se hace responsable por la privacidad de la informaci\u00f3n&hellip;<\/p>\n","protected":false},"author":1,"featured_media":0,"parent":0,"menu_order":0,"comment_status":"closed","ping_status":"closed","template":"","meta":{"_glsr_average":0,"_glsr_ranking":0,"_glsr_reviews":0,"footnotes":""},"class_list":["post-3","page","type-page","status-publish","hentry"],"yoast_head":"<!-- This site is optimized with the Yoast SEO plugin v25.3.1 - https:\/\/yoast.com\/wordpress\/plugins\/seo\/ -->\n<title>Pol\u00edtica de privacidad - Apo Derma Store<\/title>\n<meta name=\"robots\" content=\"index, follow, max-snippet:-1, max-image-preview:large, max-video-preview:-1\" \/>\n<link rel=\"canonical\" href=\"https:\/\/apoderma.com\/inicio\/politica-privacidad\/\" \/>\n<meta property=\"og:locale\" content=\"es_ES\" \/>\n<meta property=\"og:type\" content=\"article\" \/>\n<meta property=\"og:title\" content=\"Pol\u00edtica de privacidad - Apo Derma Store\" \/>\n<meta property=\"og:description\" content=\"[vc_row][vc_column][vc_column_text] [\/vc_column_text][vc_column_text] Pol\u00edtica de Privacidad ApoDerma se hace responsable por la privacidad de la informaci\u00f3n&hellip;\" \/>\n<meta property=\"og:url\" content=\"https:\/\/apoderma.com\/inicio\/politica-privacidad\/\" \/>\n<meta property=\"og:site_name\" content=\"Apo Derma Store\" \/>\n<meta property=\"article:modified_time\" content=\"2020-11-07T02:12:20+00:00\" \/>\n<meta name=\"twitter:card\" content=\"summary_large_image\" \/>\n<meta name=\"twitter:label1\" content=\"Tiempo de lectura\" \/>\n\t<meta name=\"twitter:data1\" content=\"3 minutos\" \/>\n<script type=\"application\/ld+json\" class=\"yoast-schema-graph\">{\"@context\":\"https:\/\/schema.org\",\"@graph\":[{\"@type\":\"WebPage\",\"@id\":\"https:\/\/apoderma.com\/inicio\/politica-privacidad\/\",\"url\":\"https:\/\/apoderma.com\/inicio\/politica-privacidad\/\",\"name\":\"Pol\u00edtica de privacidad - Apo Derma Store\",\"isPartOf\":{\"@id\":\"https:\/\/apoderma.com\/inicio\/#website\"},\"datePublished\":\"2019-08-22T04:37:05+00:00\",\"dateModified\":\"2020-11-07T02:12:20+00:00\",\"breadcrumb\":{\"@id\":\"https:\/\/apoderma.com\/inicio\/politica-privacidad\/#breadcrumb\"},\"inLanguage\":\"es\",\"potentialAction\":[{\"@type\":\"ReadAction\",\"target\":[\"https:\/\/apoderma.com\/inicio\/politica-privacidad\/\"]}]},{\"@type\":\"BreadcrumbList\",\"@id\":\"https:\/\/apoderma.com\/inicio\/politica-privacidad\/#breadcrumb\",\"itemListElement\":[{\"@type\":\"ListItem\",\"position\":1,\"name\":\"Portada\",\"item\":\"https:\/\/apoderma.com\/inicio\/\"},{\"@type\":\"ListItem\",\"position\":2,\"name\":\"Pol\u00edtica de privacidad\"}]},{\"@type\":\"WebSite\",\"@id\":\"https:\/\/apoderma.com\/inicio\/#website\",\"url\":\"https:\/\/apoderma.com\/inicio\/\",\"name\":\"Apo Derma Store\",\"description\":\"Venta de productos cosm\u00e9ticos\",\"potentialAction\":[{\"@type\":\"SearchAction\",\"target\":{\"@type\":\"EntryPoint\",\"urlTemplate\":\"https:\/\/apoderma.com\/inicio\/?s={search_term_string}\"},\"query-input\":{\"@type\":\"PropertyValueSpecification\",\"valueRequired\":true,\"valueName\":\"search_term_string\"}}],\"inLanguage\":\"es\"}]}<\/script>\n<!-- \/ Yoast SEO plugin. -->","yoast_head_json":{"title":"Pol\u00edtica de privacidad - Apo Derma Store","robots":{"index":"index","follow":"follow","max-snippet":"max-snippet:-1","max-image-preview":"max-image-preview:large","max-video-preview":"max-video-preview:-1"},"canonical":"https:\/\/apoderma.com\/inicio\/politica-privacidad\/","og_locale":"es_ES","og_type":"article","og_title":"Pol\u00edtica de privacidad - Apo Derma Store","og_description":"[vc_row][vc_column][vc_column_text] [\/vc_column_text][vc_column_text] Pol\u00edtica de Privacidad ApoDerma se hace responsable por la privacidad de la informaci\u00f3n&hellip;","og_url":"https:\/\/apoderma.com\/inicio\/politica-privacidad\/","og_site_name":"Apo Derma Store","article_modified_time":"2020-11-07T02:12:20+00:00","twitter_card":"summary_large_image","twitter_misc":{"Tiempo de lectura":"3 minutos"},"schema":{"@context":"https:\/\/schema.org","@graph":[{"@type":"WebPage","@id":"https:\/\/apoderma.com\/inicio\/politica-privacidad\/","url":"https:\/\/apoderma.com\/inicio\/politica-privacidad\/","name":"Pol\u00edtica de privacidad - Apo Derma Store","isPartOf":{"@id":"https:\/\/apoderma.com\/inicio\/#website"},"datePublished":"2019-08-22T04:37:05+00:00","dateModified":"2020-11-07T02:12:20+00:00","breadcrumb":{"@id":"https:\/\/apoderma.com\/inicio\/politica-privacidad\/#breadcrumb"},"inLanguage":"es","potentialAction":[{"@type":"ReadAction","target":["https:\/\/apoderma.com\/inicio\/politica-privacidad\/"]}]},{"@type":"BreadcrumbList","@id":"https:\/\/apoderma.com\/inicio\/politica-privacidad\/#breadcrumb","itemListElement":[{"@type":"ListItem","position":1,"name":"Portada","item":"https:\/\/apoderma.com\/inicio\/"},{"@type":"ListItem","position":2,"name":"Pol\u00edtica de privacidad"}]},{"@type":"WebSite","@id":"https:\/\/apoderma.com\/inicio\/#website","url":"https:\/\/apoderma.com\/inicio\/","name":"Apo Derma Store","description":"Venta de productos cosm\u00e9ticos","potentialAction":[{"@type":"SearchAction","target":{"@type":"EntryPoint","urlTemplate":"https:\/\/apoderma.com\/inicio\/?s={search_term_string}"},"query-input":{"@type":"PropertyValueSpecification","valueRequired":true,"valueName":"search_term_string"}}],"inLanguage":"es"}]}},"_links":{"self":[{"href":"https:\/\/apoderma.com\/inicio\/wp-json\/wp\/v2\/pages\/3","targetHints":{"allow":["GET"]}}],"collection":[{"href":"https:\/\/apoderma.com\/inicio\/wp-json\/wp\/v2\/pages"}],"about":[{"href":"https:\/\/apoderma.com\/inicio\/wp-json\/wp\/v2\/types\/page"}],"author":[{"embeddable":true,"href":"https:\/\/apoderma.com\/inicio\/wp-json\/wp\/v2\/users\/1"}],"replies":[{"embeddable":true,"href":"https:\/\/apoderma.com\/inicio\/wp-json\/wp\/v2\/comments?post=3"}],"version-history":[{"count":0,"href":"https:\/\/apoderma.com\/inicio\/wp-json\/wp\/v2\/pages\/3\/revisions"}],"wp:attachment":[{"href":"https:\/\/apoderma.com\/inicio\/wp-json\/wp\/v2\/media?parent=3"}],"curies":[{"name":"wp","href":"https:\/\/api.w.org\/{rel}","templated":true}]}}